{"id":88,"date":"2009-11-03T09:45:29","date_gmt":"2009-11-03T12:45:29","guid":{"rendered":"http:\/\/www.sbch.cl\/sitio\/?page_id=88"},"modified":"2011-05-23T10:53:30","modified_gmt":"2011-05-23T14:53:30","slug":"permisos-de-uso","status":"publish","type":"page","link":"https:\/\/www.sbch.cl\/sitio\/multimedia\/permisos-de-uso\/","title":{"rendered":"Permiso de uso"},"content":{"rendered":"<h2>Uso de textos y fotos de nuestro sitio web<\/h2>\n<p>Permitimos el uso de nuestra informaci\u00f3n sin modificar el texto y\/o foto a no ser que solicite. Adem\u00e1s debe citar la fuente:\u00a0 Sociedad Biblica Chilena. Si desea usarlo favor contactenos usando el sitio formulario: <strong><a href=\"..\/contacto\/\"> Contacto<\/a><\/strong><\/p>\n<p>&nbsp;<\/p>\n<h2>Uso de textos de la Biblia<\/h2>\n<p>Sobre derechos y permisos de los textos b\u00edblicos<\/p>\n<p>&nbsp;<\/p>\n<h3>Lineamientos generales<\/h3>\n<p><strong>1.<\/strong> Los textos b\u00edblicos se pueden citar en cualquier medio (escrito, visual, electr\u00f3nico o sonoro) hasta quinientos (500) vers\u00edculos inclusive sin permiso por escrito, siempre que los vers\u00edculos citados<br \/>\n\u2022 no representen el cincuenta por ciento (50%) o m\u00e1s de un libro de la Biblia completo, y\/o<br \/>\n\u2022 no representen el veinticinco por ciento (25%) o m\u00e1s del texto total de la obra en la que se citen.<\/p>\n<p>Este permiso queda supeditado a la inclusi\u00f3n de una leyenda de copyright adecuada (ver m\u00e1s adelante).<\/p>\n<p>El uso de los textos b\u00edblicos que supere los l\u00edmites antes mencionados requiere un permiso por escrito.<\/p>\n<p><strong>1. Uso comercial<\/strong><br \/>\nEl uso comercial es la utilizaci\u00f3n en cualquier producto que se ponga en venta, alquiler, arrendamiento o trueque en cualquier nivel. Para solicitar el uso de los textos b\u00edblicos arriba mencionados debe completarse el formulario adjunto.<br \/>\nSi los textos b\u00edblicos se emplean en la letra de una canci\u00f3n, se debe obtener el permiso antes de producirla.<\/p>\n<p><strong>2. Uso no comercial (ministerial, eclesi\u00e1stico, educativo, etc.)<\/strong><br \/>\nEl uso no comercial es la utilizaci\u00f3n que no sea la comercial antes descrita y por lo general, constituye la entrega gratuita del medio en el que se cita el texto b\u00edblico. La mayor\u00eda de los usos por parte de las iglesias locales entrar\u00edan dentro de esta categor\u00eda. Para las solicitudes de derechos y permisos para citar los textos b\u00edblicos en medios destinados al uso no comercial debe completarse el formulario adjunto.<br \/>\nSi los textos b\u00edblicos se emplean en la letra de una canci\u00f3n, se debe obtener el permiso antes de producirla.<\/p>\n<p>Reconocimiento y aviso de derecho de autor (copyright)<br \/>\nCualquier cita de los textos b\u00edblicos debe incluir el reconocimiento y aviso de derechos de autor. La forma que adopte el reconocimiento depender\u00e1, en parte, del medio en el que se emplee la cita.<\/p>\n<h3>Medio impreso:<\/h3>\n<p>Emplear cualquiera de los siguientes avisos que resulte m\u00e1s adecuado:<br \/>\n<strong> <\/strong><\/p>\n<p><strong>1. <\/strong>Las siguientes leyendas de los textos b\u00edblicos se pueden emplear en cada p\u00e1gina donde aparezca el material citado:<br \/>\n\u2022 Citas b\u00edblicas tomadas de la (colocar nombre de la traducci\u00f3n)<br \/>\nAdem\u00e1s debe incluirse en la p\u00e1gina de colof\u00f3n la leyenda como se indica en el punto 3.<br \/>\n<strong> <\/strong><\/p>\n<p><strong>2.<\/strong> Cuando al final de cada cita de las Escrituras tomadas de los textos b\u00edblicos se le coloca las siglas (RVR 1960), (RVR 95), (DHH) o (TLA), colocar la siguiente leyenda en la p\u00e1gina de derechos (p\u00e1gina de colof\u00f3n):<br \/>\n\u2022 Las citas b\u00edblicas identificadas (RVR 1960) han sido tomadas de la Reina-Valera 1960\u2122 \u00a9 Sociedades B\u00edblicas en Am\u00e9rica Latina, 1960. Derechos renovados 1988, Sociedades B\u00edblicas Unidas.<br \/>\n\u2022 Las citas b\u00edblicas identificadas (RVR 95) han sido tomadas de la Reina-Valera 95\u00ae \u00a9 Sociedades B\u00edblicas Unidas, 1995.<br \/>\n\u2022 Las citas b\u00edblicas identificadas (DHH) han sido tomadas de la Dios habla hoy\u00ae \u2013 Tercera edici\u00f3n \u00a9 Sociedades B\u00edblicas Unidas 1966, 1970, 1979, 1983, 1996.<br \/>\n\u2022 Las citas b\u00edblicas identificadas (TLA) han sido tomadas de la Traducci\u00f3n en lenguaje actual\u2122 \u00a9<br \/>\nSociedades B\u00edblicas Unidas, 2002, 2004.<br \/>\n<strong> <\/strong><\/p>\n<p><strong>3.<\/strong> Si fuera apropiado, incluir el siguiente aviso en la p\u00e1gina de derechos (p\u00e1gina de colof\u00f3n):<br \/>\n\u2022 Las citas b\u00edblicas de esta publicaci\u00f3n han sido tomadas de la Reina-Valera 1960\u2122 \u00a9 Sociedades<br \/>\nB\u00edblicas en Am\u00e9rica Latina, 1960. Derechos renovados 1988, Sociedades B\u00edblicas Unidas.<br \/>\nUtilizado con permiso.<br \/>\n\u2022 Las citas b\u00edblicas de esta publicaci\u00f3n han sido tomadas de la Reina-Valera 95\u00ae \u00a9 Sociedades<br \/>\nB\u00edblicas Unidas, 1995. Utilizado con permiso.<br \/>\n\u2022 Las citas b\u00edblicas de esta publicaci\u00f3n han sido tomadas de la Dios habla hoy\u00ae \u2013 Tercera edici\u00f3n \u00a9<br \/>\nSociedades B\u00edblicas Unidas 1966, 1970, 1979, 1983, 1996. Utilizado con permiso.<br \/>\n\u2022 Las citas b\u00edblicas de esta publicaci\u00f3n han sido tomadas de la Traducci\u00f3n en lenguaje actual\u2122 \u00a9<br \/>\nSociedades B\u00edblicas Unidas, 2002, 2004. Utilizado con permiso.<\/p>\n<h3>Medio visual y electr\u00f3nico<\/h3>\n<p>El uso en medio \u201cvisual\u201d incluye DVD, videos, filmes, diapositivas y transparencias. El uso \u201celectr\u00f3nico\u201d denota el empleo en Internet, \u201cipod\u201d, \u201cpalms\u201d, CD-ROM, computadora y todo artefacto electr\u00f3nico. Las citas de los textos b\u00edblicos en medios electr\u00f3nicos y visuales deben incluir el aviso de derechos de autor en (1) el producto (el medio en s\u00ed), (2) en el empaque del producto, y (3) en la secci\u00f3n de reconocimientos, si la hubiera.<\/p>\n<p>El aviso debe decir:<br \/>\n\u2022 Texto b\u00edblico: Reina-Valera 1960 \u2122 \u00a9 Sociedades B\u00edblicas en Am\u00e9rica Latina, 1960. Derechos renovados 1988, Sociedades B\u00edblicas Unidas. Utilizado con permiso.<br \/>\n\u2022 Texto b\u00edblico: Reina-Valera 95\u00ae \u00a9 Sociedades B\u00edblicas Unidas, 1995. Utilizado con permiso.<br \/>\n\u2022 Texto b\u00edblico: Dios habla hoy\u00ae \u2013 Tercera edici\u00f3n \u00a9 Sociedades B\u00edblicas Unidas 1966, 1970, 1979, 1983,<br \/>\n1996. Utilizado con permiso.<br \/>\n\u2022 Texto b\u00edblico: Traducci\u00f3n en lenguaje actual\u2122 \u00a9 Sociedades B\u00edblicas Unidas, 2002, 2004. Utilizado con permiso.<\/p>\n<h3>Medio en audio<\/h3>\n<p>Esta categor\u00eda incluye casetes, discos compactos y medios similares. Las citas b\u00edblicas en audio deben incluir los avisos de derechos de autor de la secci\u00f3n II-B en (1) el producto (el medio en s\u00ed) y (2) en el empaque del producto. Si los textos b\u00edblicos se emplean como letra de una canci\u00f3n, se debe obtener el permiso de Sociedades B\u00edblicas Unidas antes de producirla.<\/p>\n<h3>Uso en la iglesia<\/h3>\n<p>El uso que haga una iglesia local de los textos b\u00edblicos en un medio no comercial como un bolet\u00edn, orden del servicio, carteleras, afiches, transparencias, grabaciones de servicios (por los que se puede cobrar una cantidad m\u00ednima) o materiales similares empleados en el curso de la instrucci\u00f3n religiosa o en los servicios de un lugar de reuni\u00f3n u otra asamblea religiosa requiere que se coloque al final de cada cita las siguientes siglas: (RVR 1960), (RVR 95), (DHH) o (TLA). En los audiocasetes se puede incluir las siglas mencionadas en la etiqueta solamente.<\/p>\n<p>No se necesita contactar a las Sociedades B\u00edblicas Unidas para solicitar permiso para los usos aqu\u00ed mencionados.<\/p>\n<p>&nbsp;<\/p>\n<h3>Informaci\u00f3n adicional sobre los derechos y permisos de los textos b\u00edblicos<\/h3>\n<p>Para los permisos concedidos de manera expresa o t\u00e1cita en este documento, ante cualquier duda sobre las disposiciones aqu\u00ed mencionadas y para solicitar derechos y permisos de los textos b\u00edblicos, escribanos por medio del siguiente formulario:\u00a0<strong><a href=\"http:\/\/www.sbch.cl\/sitio\/contacto\/\"> Contacto<\/a><\/strong><\/p>\n","protected":false},"excerpt":{"rendered":"<p>Uso de textos y fotos de nuestro sitio web Permitimos el uso de nuestra informaci\u00f3n sin modificar el texto y\/o foto a no ser que solicite. Adem\u00e1s debe citar la fuente:\u00a0 Sociedad Biblica Chilena. Si desea usarlo favor contactenos usando &hellip; <a class=\"kt-excerpt-readmore\" href=\"https:\/\/www.sbch.cl\/sitio\/multimedia\/permisos-de-uso\/\" aria-label=\"Permiso de uso\">Read More<\/a><\/p>\n","protected":false},"author":2,"featured_media":0,"parent":85,"menu_order":5,"comment_status":"closed","ping_status":"closed","template":"","meta":{"jetpack_post_was_ever_published":false,"footnotes":""},"class_list":["post-88","page","type-page","status-publish","hentry"],"jetpack_shortlink":"https:\/\/wp.me\/PInKk-1q","jetpack_sharing_enabled":true,"_links":{"self":[{"href":"https:\/\/www.sbch.cl\/sitio\/wp-json\/wp\/v2\/pages\/88","targetHints":{"allow":["GET"]}}],"collection":[{"href":"https:\/\/www.sbch.cl\/sitio\/wp-json\/wp\/v2\/pages"}],"about":[{"href":"https:\/\/www.sbch.cl\/sitio\/wp-json\/wp\/v2\/types\/page"}],"author":[{"embeddable":true,"href":"https:\/\/www.sbch.cl\/sitio\/wp-json\/wp\/v2\/users\/2"}],"replies":[{"embeddable":true,"href":"https:\/\/www.sbch.cl\/sitio\/wp-json\/wp\/v2\/comments?post=88"}],"version-history":[{"count":0,"href":"https:\/\/www.sbch.cl\/sitio\/wp-json\/wp\/v2\/pages\/88\/revisions"}],"up":[{"embeddable":true,"href":"https:\/\/www.sbch.cl\/sitio\/wp-json\/wp\/v2\/pages\/85"}],"wp:attachment":[{"href":"https:\/\/www.sbch.cl\/sitio\/wp-json\/wp\/v2\/media?parent=88"}],"curies":[{"name":"wp","href":"https:\/\/api.w.org\/{rel}","templated":true}]}}