{"id":406,"date":"2010-04-28T18:01:54","date_gmt":"2010-04-28T22:01:54","guid":{"rendered":"http:\/\/www.sbch.cl\/sitio\/?page_id=406"},"modified":"2025-04-29T13:27:21","modified_gmt":"2025-04-29T17:27:21","slug":"mision-vision-y-valores","status":"publish","type":"page","link":"https:\/\/www.sbch.cl\/sitio\/nosotros\/mision-vision-y-valores\/","title":{"rendered":"Misi\u00f3n Visi\u00f3n"},"content":{"rendered":"<p>&nbsp;<\/p>\n<p><strong>Misi\u00f3n<\/strong><\/p>\n<p>El prop\u00f3sito de la Sociedad B\u00edblica Chilena es difundir la Palabra de Dios en distintos medios, formatos, en un lenguaje comprensible y a un precio accesible, entregando el mejor servicio e interactuando con todo tipo de comunidades.<\/p>\n<p>&nbsp;<\/p>\n<p><strong>El ciclo vital de la Biblia<\/strong><\/p>\n<p>Sociedad B\u00edblica Chilena \u00a0est\u00e1 trabajando para hacer circular las Escrituras en todo Chile, en la Iglesia, y ya trav\u00e9s de la cultura, tal como el aire acondicionado hace circular el aire a trav\u00e9s de un edificio.<\/p>\n<p><strong>Disponibilidad de la Biblia<\/strong><\/p>\n<p>&nbsp;<\/p>\n<p><strong>Traducci\u00f3n:<\/strong> Hacer que la Biblia est\u00e9 disponible en m\u00e1s lenguas. realizar revisiones de traducciones antiguas, para que cada persona pueda comprender la Biblia en su lengua materna.<\/p>\n<p><strong>Producci\u00f3n:<\/strong> Imprimir Biblias, producciones multimedia, en formatos digital para suplir las necesidades de las personas que quieren tener una Biblia<\/p>\n<p><strong>Accesibilidad de la Biblia<\/strong><\/p>\n<p><strong>Distribuci\u00f3n:<\/strong> Llevar la Biblia a lugares a todo Chile, en los formatos que las personas pueden usar.<\/p>\n<p><strong>Alfabetizaci\u00f3n:<\/strong> Ayudar a las personas a leer la Biblia y tener una comprensi\u00f3n de lectura.<\/p>\n<p><strong>Credibilidad de la Biblia<\/strong><\/p>\n<p><strong>Participaci\u00f3n: \u00a0<\/strong>Ayudando a las personas a interactuar con la Biblia<\/p>\n<p><strong>Promoci\u00f3n:<\/strong> Difundir la Biblia en amplios \u00e1mbitos culturales y sociales acerca de su trascendencia y vigencia.<\/p>\n<p>&nbsp;<\/p>\n<p><a href=\"https:\/\/www.sbch.cl\/sitio\/nosotros\/voluntario\/\">Ser Voluntario<\/a><\/p>\n","protected":false},"excerpt":{"rendered":"<p>&nbsp; Misi\u00f3n El prop\u00f3sito de la Sociedad B\u00edblica Chilena es difundir la Palabra de Dios en distintos medios, formatos, en un lenguaje comprensible y a un precio accesible, entregando el mejor servicio e interactuando con todo tipo de comunidades. &nbsp; &hellip; <a class=\"kt-excerpt-readmore\" href=\"https:\/\/www.sbch.cl\/sitio\/nosotros\/mision-vision-y-valores\/\" aria-label=\"Misi\u00f3n Visi\u00f3n\">Read More<\/a><\/p>\n","protected":false},"author":2,"featured_media":0,"parent":42,"menu_order":0,"comment_status":"closed","ping_status":"closed","template":"","meta":{"jetpack_post_was_ever_published":false,"footnotes":""},"class_list":["post-406","page","type-page","status-publish","hentry"],"jetpack_shortlink":"https:\/\/wp.me\/PInKk-6y","jetpack_sharing_enabled":true,"_links":{"self":[{"href":"https:\/\/www.sbch.cl\/sitio\/wp-json\/wp\/v2\/pages\/406","targetHints":{"allow":["GET"]}}],"collection":[{"href":"https:\/\/www.sbch.cl\/sitio\/wp-json\/wp\/v2\/pages"}],"about":[{"href":"https:\/\/www.sbch.cl\/sitio\/wp-json\/wp\/v2\/types\/page"}],"author":[{"embeddable":true,"href":"https:\/\/www.sbch.cl\/sitio\/wp-json\/wp\/v2\/users\/2"}],"replies":[{"embeddable":true,"href":"https:\/\/www.sbch.cl\/sitio\/wp-json\/wp\/v2\/comments?post=406"}],"version-history":[{"count":3,"href":"https:\/\/www.sbch.cl\/sitio\/wp-json\/wp\/v2\/pages\/406\/revisions"}],"predecessor-version":[{"id":15829,"href":"https:\/\/www.sbch.cl\/sitio\/wp-json\/wp\/v2\/pages\/406\/revisions\/15829"}],"up":[{"embeddable":true,"href":"https:\/\/www.sbch.cl\/sitio\/wp-json\/wp\/v2\/pages\/42"}],"wp:attachment":[{"href":"https:\/\/www.sbch.cl\/sitio\/wp-json\/wp\/v2\/media?parent=406"}],"curies":[{"name":"wp","href":"https:\/\/api.w.org\/{rel}","templated":true}]}}