{"id":402,"date":"2010-04-28T17:57:15","date_gmt":"2010-04-28T21:57:15","guid":{"rendered":"http:\/\/www.sbch.cl\/sitio\/?page_id=402"},"modified":"2013-08-26T10:53:34","modified_gmt":"2013-08-26T14:53:34","slug":"alfabetizacion","status":"publish","type":"page","link":"https:\/\/www.sbch.cl\/sitio\/programas\/alfabetizacion\/","title":{"rendered":"Alfabetizaci\u00f3n"},"content":{"rendered":"<p><strong>Objetivo: <\/strong>Eliminar el sufrimiento humano que se origina en el analfabetismo.<\/p>\n<p><strong>Descripci\u00f3n del proyecto: <\/strong><\/p>\n<p>A trav\u00e9s de Alfalit internacional Chile, desarrollamos un sistema de ense\u00f1anza el que f<strong>orma a alfabetizadores voluntarios<\/strong> quienes entregan en sus comunidades los conocimientos adquiridos para ense\u00f1ar a leer y escribir a quienes no saben.<\/p>\n<p>Esta iniciativa tiene como meta que las iglesias y los cristianos de nuestro pa\u00eds puedan actuar con amor abriendo en su comunidad grupos peque\u00f1os donde ni\u00f1os, j\u00f3venes y adultos puedan aprender y desarrollar los aspectos b\u00e1sicos de la comunicaci\u00f3n humana; este trabajo est\u00e1 apoyado con material impreso de primera calidad, que<strong> consta de manuales de lectura, matem\u00e1ticas<\/strong>, fichas para recortar y libro de gu\u00eda para el monitor.<\/p>\n<p>Adem\u00e1s los voluntarios alfabetizadores reciben un diploma una vez concluido el curso de preparaci\u00f3n. Las personas que aprenden a leer y escribir <strong>alcanzan un nivel de colegiatura similar al tercer a\u00f1o b\u00e1sico<\/strong>, por lo que pueden rendir examen y continuar con sus estudios para obtener la licencia b\u00e1sica. Este sistema de alfabetizaci\u00f3n est\u00e1 <strong>reconocido por el Ministerio de Educaci\u00f3n<\/strong>.<\/p>\n[nggallery id=87]\n","protected":false},"excerpt":{"rendered":"<p>Objetivo: Eliminar el sufrimiento humano que se origina en el analfabetismo. Descripci\u00f3n del proyecto: A trav\u00e9s de Alfalit internacional Chile, desarrollamos un sistema de ense\u00f1anza el que forma a alfabetizadores voluntarios quienes entregan en sus comunidades los conocimientos adquiridos para &hellip; <a class=\"kt-excerpt-readmore\" href=\"https:\/\/www.sbch.cl\/sitio\/programas\/alfabetizacion\/\" aria-label=\"Alfabetizaci\u00f3n\">Read More<\/a><\/p>\n","protected":false},"author":2,"featured_media":0,"parent":16,"menu_order":0,"comment_status":"closed","ping_status":"open","template":"","meta":{"jetpack_post_was_ever_published":false,"footnotes":""},"class_list":["post-402","page","type-page","status-publish","hentry"],"jetpack_shortlink":"https:\/\/wp.me\/PInKk-6u","jetpack_sharing_enabled":true,"_links":{"self":[{"href":"https:\/\/www.sbch.cl\/sitio\/wp-json\/wp\/v2\/pages\/402","targetHints":{"allow":["GET"]}}],"collection":[{"href":"https:\/\/www.sbch.cl\/sitio\/wp-json\/wp\/v2\/pages"}],"about":[{"href":"https:\/\/www.sbch.cl\/sitio\/wp-json\/wp\/v2\/types\/page"}],"author":[{"embeddable":true,"href":"https:\/\/www.sbch.cl\/sitio\/wp-json\/wp\/v2\/users\/2"}],"replies":[{"embeddable":true,"href":"https:\/\/www.sbch.cl\/sitio\/wp-json\/wp\/v2\/comments?post=402"}],"version-history":[{"count":0,"href":"https:\/\/www.sbch.cl\/sitio\/wp-json\/wp\/v2\/pages\/402\/revisions"}],"up":[{"embeddable":true,"href":"https:\/\/www.sbch.cl\/sitio\/wp-json\/wp\/v2\/pages\/16"}],"wp:attachment":[{"href":"https:\/\/www.sbch.cl\/sitio\/wp-json\/wp\/v2\/media?parent=402"}],"curies":[{"name":"wp","href":"https:\/\/api.w.org\/{rel}","templated":true}]}}