{"id":38,"date":"2009-10-23T07:33:37","date_gmt":"2009-10-23T10:33:37","guid":{"rendered":"http:\/\/www.sbch.cl\/sitio\/?page_id=38"},"modified":"2019-10-04T08:50:26","modified_gmt":"2019-10-04T11:50:26","slug":"donacion-socio","status":"publish","type":"page","link":"https:\/\/www.sbch.cl\/sitio\/nosotros\/donacion-socio\/","title":{"rendered":"Donaci\u00f3n"},"content":{"rendered":"<p>Apoya la Misi\u00f3n de la Sociedad B\u00edblica Chilena<\/p>\n<p>&nbsp;<\/p>\n<p>Cada A\u00f1o, al celebrar el mes de la Biblia, recordamos lo maravilloso que es poder contar con toda la Palabra de Dios en nuestra propia lengua, pero para que eso sea posible y podamos continuar realizando nuestro trabajo ministerial; Sociedad B\u00edblica Chilena necesita de tu apoyo.<\/p>\n<p>&nbsp;<\/p>\n<p><strong>Ora:<\/strong> En primer lugar te pedimos que incluyas en tus oraciones a nuestra Sociedad B\u00edblica,\u00a0 ora por el trabajo de traducci\u00f3n que se est\u00e1 realizando en nuestro pa\u00eds: Antiguo Testamento al mapudung\u00fan y Biblia en Lengua de Se\u00f1as Chilena, para el mundo sordo.<\/p>\n<p>Entendemos la necesidad de ellos y de muchos m\u00e1s de acceder a la Biblia en su propia lengua. Ora por favor por cada trabajador de nuestra organizaci\u00f3n, desempa\u00f1amos la labor de traducci\u00f3n, producci\u00f3n, distribuci\u00f3n e interacci\u00f3n de la palabra de Dios a nivel local y mundial.<\/p>\n<p>&nbsp;<\/p>\n<p><strong>Celebra junto a tu iglesia<\/strong>: prepara en culto especial de acci\u00f3n de gracias por la Palabra de Dios y comparte con otros tu vers\u00edculo preferido y alg\u00fan testimonio de c\u00f3mo la Biblia ha cambiado tu vida.<\/p>\n<p><strong>Regala una Biblia:<\/strong> entrega de manera especial en este mes de la Biblia, una Biblia o Nuevo Testamento, para que otros tambi\u00e9n puedan tenerla. Prefiere nuestras salas de venta en todo Chile, de esta manera tambi\u00e9n contribuyes a nuestra misi\u00f3n.<\/p>\n<p><strong>Dona para la causa b\u00edblica: <\/strong>tambi\u00e9n, de manera especial, separa una ofrenda en este mes de la Biblia y hazla llegar a Sociedad B\u00edblica Chilena, gracias al apoyo de personas y ministerios ha sido posible financiar el trabajo de traducciones y llegar con la palabra de Dios a lugares donde se necesita.<\/p>\n<p>Su aporte \u00a0ayudar\u00e1 al desarrollo de estos programas sociales que Sociedad B\u00edblica Chilena.<\/p>\n<p>Puede depositar su donaci\u00f3n a la siguiente cuenta<\/p>\n<p><strong>Datos de destinatario<\/strong><br \/>\nNombre: \u00a0Sociedad B\u00edblica Chilena<br \/>\nRUT: \u00a0 \u00a0 \u00a0 \u00a0 70008340-3<br \/>\nEmail: \u00a0 \u00a0 \u00a0eventos@sbch.cl<br \/>\nBanco: \u00a0 \u00a0 \u00a0Santander<br \/>\nCuenta: \u00a0 Cuenta Corriente 739812<\/p>\n<p>Para m\u00e1s informaci\u00f3n ll\u00e1menos al 223781600<\/p>\n[gravityform id=\u00bb27&#8243; title=\u00bbtrue\u00bb description=\u00bbtrue\u00bb]\n","protected":false},"excerpt":{"rendered":"<p>Apoya la Misi\u00f3n de la Sociedad B\u00edblica Chilena &nbsp; Cada A\u00f1o, al celebrar el mes de la Biblia, recordamos lo maravilloso que es poder contar con toda la Palabra de Dios en nuestra propia lengua, pero para que eso sea &hellip; <a class=\"kt-excerpt-readmore\" href=\"https:\/\/www.sbch.cl\/sitio\/nosotros\/donacion-socio\/\" aria-label=\"Donaci\u00f3n\">Read More<\/a><\/p>\n","protected":false},"author":2,"featured_media":0,"parent":42,"menu_order":3,"comment_status":"closed","ping_status":"closed","template":"","meta":{"jetpack_post_was_ever_published":false,"footnotes":""},"class_list":["post-38","page","type-page","status-publish","hentry"],"jetpack_shortlink":"https:\/\/wp.me\/PInKk-C","jetpack_sharing_enabled":true,"_links":{"self":[{"href":"https:\/\/www.sbch.cl\/sitio\/wp-json\/wp\/v2\/pages\/38","targetHints":{"allow":["GET"]}}],"collection":[{"href":"https:\/\/www.sbch.cl\/sitio\/wp-json\/wp\/v2\/pages"}],"about":[{"href":"https:\/\/www.sbch.cl\/sitio\/wp-json\/wp\/v2\/types\/page"}],"author":[{"embeddable":true,"href":"https:\/\/www.sbch.cl\/sitio\/wp-json\/wp\/v2\/users\/2"}],"replies":[{"embeddable":true,"href":"https:\/\/www.sbch.cl\/sitio\/wp-json\/wp\/v2\/comments?post=38"}],"version-history":[{"count":0,"href":"https:\/\/www.sbch.cl\/sitio\/wp-json\/wp\/v2\/pages\/38\/revisions"}],"up":[{"embeddable":true,"href":"https:\/\/www.sbch.cl\/sitio\/wp-json\/wp\/v2\/pages\/42"}],"wp:attachment":[{"href":"https:\/\/www.sbch.cl\/sitio\/wp-json\/wp\/v2\/media?parent=38"}],"curies":[{"name":"wp","href":"https:\/\/api.w.org\/{rel}","templated":true}]}}