{"id":31,"date":"2009-10-22T16:34:39","date_gmt":"2009-10-22T19:34:39","guid":{"rendered":"http:\/\/www.sbch.cl\/sitio\/voluntarios\/"},"modified":"2016-11-23T12:04:32","modified_gmt":"2016-11-23T15:04:32","slug":"voluntario","status":"publish","type":"page","link":"https:\/\/www.sbch.cl\/sitio\/nosotros\/voluntario\/","title":{"rendered":"Voluntario"},"content":{"rendered":"<p>Para ser un voluntario de la Sociedad B\u00edblica s\u00f3lo debes tener ganas de trabajar en equipo, gran sentido de responsabilidad social y lo m\u00e1s importante un compromiso total con la misi\u00f3n de nuestra organizaci\u00f3n: \u00abLa palabra de Dios en las manos de los m\u00e1s necesitados, en su idioma, para que la puedan leer y entender\u00bb.<\/p>\n<p>\u00danete a nuestro equipo y participa en las actividades sociales y de apoyo espiritual de Sociedad B\u00edblica Chilena. \u00a1Contamos contigo!<\/p>\n[gravityform id=\u00bb9&#8243; title=\u00bbtrue\u00bb description=\u00bbtrue\u00bb]\n<p>Gracias portu apoyo.\u00a0 A la brevendad nos contactaremos contigo para invitarle a una de nuestras reuniones.<\/p>\n","protected":false},"excerpt":{"rendered":"<p>Para ser un voluntario de la Sociedad B\u00edblica s\u00f3lo debes tener ganas de trabajar en equipo, gran sentido de responsabilidad social y lo m\u00e1s importante un compromiso total con la misi\u00f3n de nuestra organizaci\u00f3n: \u00abLa palabra de Dios en las &hellip; <a class=\"kt-excerpt-readmore\" href=\"https:\/\/www.sbch.cl\/sitio\/nosotros\/voluntario\/\" aria-label=\"Voluntario\">Read More<\/a><\/p>\n","protected":false},"author":2,"featured_media":0,"parent":42,"menu_order":1,"comment_status":"closed","ping_status":"closed","template":"","meta":{"jetpack_post_was_ever_published":false,"footnotes":""},"class_list":["post-31","page","type-page","status-publish","hentry"],"jetpack_shortlink":"https:\/\/wp.me\/PInKk-v","jetpack_sharing_enabled":true,"_links":{"self":[{"href":"https:\/\/www.sbch.cl\/sitio\/wp-json\/wp\/v2\/pages\/31","targetHints":{"allow":["GET"]}}],"collection":[{"href":"https:\/\/www.sbch.cl\/sitio\/wp-json\/wp\/v2\/pages"}],"about":[{"href":"https:\/\/www.sbch.cl\/sitio\/wp-json\/wp\/v2\/types\/page"}],"author":[{"embeddable":true,"href":"https:\/\/www.sbch.cl\/sitio\/wp-json\/wp\/v2\/users\/2"}],"replies":[{"embeddable":true,"href":"https:\/\/www.sbch.cl\/sitio\/wp-json\/wp\/v2\/comments?post=31"}],"version-history":[{"count":0,"href":"https:\/\/www.sbch.cl\/sitio\/wp-json\/wp\/v2\/pages\/31\/revisions"}],"up":[{"embeddable":true,"href":"https:\/\/www.sbch.cl\/sitio\/wp-json\/wp\/v2\/pages\/42"}],"wp:attachment":[{"href":"https:\/\/www.sbch.cl\/sitio\/wp-json\/wp\/v2\/media?parent=31"}],"curies":[{"name":"wp","href":"https:\/\/api.w.org\/{rel}","templated":true}]}}