{"id":159,"date":"2009-11-20T17:09:15","date_gmt":"2009-11-20T22:09:15","guid":{"rendered":"http:\/\/www.sbch.cl\/sitio\/?page_id=159"},"modified":"2025-04-29T13:25:04","modified_gmt":"2025-04-29T17:25:04","slug":"ayudanos","status":"publish","type":"page","link":"https:\/\/www.sbch.cl\/sitio\/ayudanos\/","title":{"rendered":"Ay\u00fadanos"},"content":{"rendered":"<p>Para desarrollar\u00a0 y expandir los proyectos, Sociedad B\u00edblica Chilena -organizaci\u00f3n misionera sin fines de lucro- requiere de tu colaboraci\u00f3n.<\/p>\n<p>Si puedes entregar de tu tiempo en servicio al pr\u00f3jimo puedes contactarnos <a href=\"http:\/\/www.sbch.cl\/sitio\/contacto\/\" target=\"_self\">aqu\u00ed<\/a><\/p>\n<p>Si puedes colaborar financieramente, hazte socio llenando<a href=\"http:\/\/www.sbch.cl\/sitio\/contacto\/\" target=\"_self\"> este formulario<\/a> o llamando al 223781602.<\/p>\n<p>Tambi\u00e9n puedes visitar nuestras <a href=\"http:\/\/www.sbch.cl\/sitio\/nosotros\/ventas\/\">tiendas<\/a> y\/o contactarte con el promotor de tu regi\u00f3n para obtener un ejemplar de nuestra revista donde podr\u00e1s leer noticias de los proyectos sociales &#8211; cristianos. (que tambi\u00e9n puedes ver aqu\u00ed en PDF)<\/p>\n<p><iframe loading=\"lazy\" src=\"http:\/\/www.youtube.com\/embed\/frwVYH61lSs\" width=\"560\" height=\"315\" frameborder=\"0\" allowfullscreen=\"allowfullscreen\"><\/iframe><\/p>\n","protected":false},"excerpt":{"rendered":"<p>Para desarrollar\u00a0 y expandir los proyectos, Sociedad B\u00edblica Chilena -organizaci\u00f3n misionera sin fines de lucro- requiere de tu colaboraci\u00f3n. Si puedes entregar de tu tiempo en servicio al pr\u00f3jimo puedes contactarnos aqu\u00ed Si puedes colaborar financieramente, hazte socio llenando este &hellip; <a class=\"kt-excerpt-readmore\" href=\"https:\/\/www.sbch.cl\/sitio\/ayudanos\/\" aria-label=\"Ay\u00fadanos\">Read More<\/a><\/p>\n","protected":false},"author":2,"featured_media":0,"parent":0,"menu_order":3,"comment_status":"closed","ping_status":"closed","template":"","meta":{"jetpack_post_was_ever_published":false,"footnotes":""},"class_list":["post-159","page","type-page","status-publish","hentry"],"jetpack_shortlink":"https:\/\/wp.me\/PInKk-2z","jetpack_sharing_enabled":true,"_links":{"self":[{"href":"https:\/\/www.sbch.cl\/sitio\/wp-json\/wp\/v2\/pages\/159","targetHints":{"allow":["GET"]}}],"collection":[{"href":"https:\/\/www.sbch.cl\/sitio\/wp-json\/wp\/v2\/pages"}],"about":[{"href":"https:\/\/www.sbch.cl\/sitio\/wp-json\/wp\/v2\/types\/page"}],"author":[{"embeddable":true,"href":"https:\/\/www.sbch.cl\/sitio\/wp-json\/wp\/v2\/users\/2"}],"replies":[{"embeddable":true,"href":"https:\/\/www.sbch.cl\/sitio\/wp-json\/wp\/v2\/comments?post=159"}],"version-history":[{"count":1,"href":"https:\/\/www.sbch.cl\/sitio\/wp-json\/wp\/v2\/pages\/159\/revisions"}],"predecessor-version":[{"id":15827,"href":"https:\/\/www.sbch.cl\/sitio\/wp-json\/wp\/v2\/pages\/159\/revisions\/15827"}],"wp:attachment":[{"href":"https:\/\/www.sbch.cl\/sitio\/wp-json\/wp\/v2\/media?parent=159"}],"curies":[{"name":"wp","href":"https:\/\/api.w.org\/{rel}","templated":true}]}}