{"id":15822,"date":"2025-04-29T13:20:51","date_gmt":"2025-04-29T17:20:51","guid":{"rendered":"https:\/\/www.sbch.cl\/sitio\/?page_id=15822"},"modified":"2025-04-29T13:20:51","modified_gmt":"2025-04-29T17:20:51","slug":"programa-trauma-healing","status":"publish","type":"page","link":"https:\/\/www.sbch.cl\/sitio\/programas\/programa-trauma-healing\/","title":{"rendered":"Programa Trauma Healing"},"content":{"rendered":"<p>Sanar las Heridas del Coraz\u00f3n<\/p>\n<p>(la iglesia puede ayudar)<\/p>\n<p>&nbsp;<\/p>\n<p>Programa de servicio a la iglesia, certificado por el Trauma Healing Institute y la Sociedad B\u00edblica Americana, que la entrena para ayudar a las personas de su comunidad a superar dificultades en su vida diaria y que han sido afectadas por hechos traum\u00e1ticos ocurridos durante su ni\u00f1ez o en un momento espec\u00edfico de sus vidas.<\/p>\n<p>&nbsp;<\/p>\n<p>El objetivo del Programa es formar facilitadores para ayudar a las personas a superar estos traumas o \u201cheridas del coraz\u00f3n\u201d los cuales son entrenados para realizar<\/p>\n<p>\u201cGrupo para sanar\u201d por medio del m\u00e9todo \u201cparticipativo\u201d en que los facilitadores gu\u00edan a las personas a escudri\u00f1ar e identificar sus vivencias dolorosas que les han provocado alg\u00fan grado de trauma o herida emocional .<\/p>\n<p>&nbsp;<\/p>\n<p>Este Programa y su metodolog\u00eda cubre las \u00e1reas de adultos, ni\u00f1os y adolescentes.<\/p>\n<p>Los contenidos del Programa est\u00e1n basados en la Biblia \u00a0y han sido desarrollados por expertos en salud mental cristianos.<\/p>\n<p>&nbsp;<\/p>\n<p>Por medio de un Grupo para Sanar las personas podr\u00e1n:<\/p>\n<p>&nbsp;<\/p>\n<ul>\n<li>Entender lo que dice la Biblia sobre el sufrimiento<\/li>\n<li>Aprender sobre el trauma y sus efectos en sus propias vidas<\/li>\n<li>Podr\u00e1n explorar los distintos traumas o p\u00e9rdidas que han enfrentado<\/li>\n<li>Comenzar a liberar el dolor emocional que llevan<\/li>\n<li>Podr\u00e1n volver a conectarse y estar listos para seguir adelante en su vida<\/li>\n<\/ul>\n<p>\u2022\u00a0\u00a0\u00a0\u00a0\u00a0\u00a0\u00a0\u00a0\u00a0\u00a0\u00a0 Y podr\u00e1n construir resiliencia para su futuro basa<\/p>\n","protected":false},"excerpt":{"rendered":"<p>Sanar las Heridas del Coraz\u00f3n (la iglesia puede ayudar) &nbsp; Programa de servicio a la iglesia, certificado por el Trauma Healing Institute y la Sociedad B\u00edblica Americana, que la entrena para ayudar a las personas de su comunidad a superar &hellip; <a class=\"kt-excerpt-readmore\" href=\"https:\/\/www.sbch.cl\/sitio\/programas\/programa-trauma-healing\/\" aria-label=\"Programa Trauma Healing\">Read More<\/a><\/p>\n","protected":false},"author":2,"featured_media":0,"parent":16,"menu_order":0,"comment_status":"closed","ping_status":"closed","template":"","meta":{"jetpack_post_was_ever_published":false,"footnotes":""},"class_list":["post-15822","page","type-page","status-publish","hentry"],"jetpack_shortlink":"https:\/\/wp.me\/PInKk-47c","jetpack_sharing_enabled":true,"_links":{"self":[{"href":"https:\/\/www.sbch.cl\/sitio\/wp-json\/wp\/v2\/pages\/15822","targetHints":{"allow":["GET"]}}],"collection":[{"href":"https:\/\/www.sbch.cl\/sitio\/wp-json\/wp\/v2\/pages"}],"about":[{"href":"https:\/\/www.sbch.cl\/sitio\/wp-json\/wp\/v2\/types\/page"}],"author":[{"embeddable":true,"href":"https:\/\/www.sbch.cl\/sitio\/wp-json\/wp\/v2\/users\/2"}],"replies":[{"embeddable":true,"href":"https:\/\/www.sbch.cl\/sitio\/wp-json\/wp\/v2\/comments?post=15822"}],"version-history":[{"count":1,"href":"https:\/\/www.sbch.cl\/sitio\/wp-json\/wp\/v2\/pages\/15822\/revisions"}],"predecessor-version":[{"id":15823,"href":"https:\/\/www.sbch.cl\/sitio\/wp-json\/wp\/v2\/pages\/15822\/revisions\/15823"}],"up":[{"embeddable":true,"href":"https:\/\/www.sbch.cl\/sitio\/wp-json\/wp\/v2\/pages\/16"}],"wp:attachment":[{"href":"https:\/\/www.sbch.cl\/sitio\/wp-json\/wp\/v2\/media?parent=15822"}],"curies":[{"name":"wp","href":"https:\/\/api.w.org\/{rel}","templated":true}]}}