{"id":15816,"date":"2025-04-29T13:18:11","date_gmt":"2025-04-29T17:18:11","guid":{"rendered":"https:\/\/www.sbch.cl\/sitio\/?page_id=15816"},"modified":"2025-04-29T13:19:13","modified_gmt":"2025-04-29T17:19:13","slug":"programa-mensajeras-en-accion-con-la-palabra","status":"publish","type":"page","link":"https:\/\/www.sbch.cl\/sitio\/programas\/programa-mensajeras-en-accion-con-la-palabra\/","title":{"rendered":"Programa Mensajeras en Acci\u00f3n con la Palabra"},"content":{"rendered":"<p>Voluntariado<\/p>\n<p>&nbsp;<\/p>\n<p>Programa de Sociedad B\u00edblica Chilena dedicado a la Evangelizaci\u00f3n por medio del Servicio a la comunidad; las Mensajeras en Acci\u00f3n son un grupo de mujeres voluntarias, interdenominacional, que han sido llamadas por el Se\u00f1or a servir al pr\u00f3jimo.<\/p>\n<p>Las Mensajeras est\u00e1n organizadas en comit\u00e9s desde Punitaqui hasta Temuco, realizan visitas a hospitales, centros de rehabilitaci\u00f3n, hogares de ni\u00f1os, adolescentes y ancianos, a las c\u00e1rceles y otros lugares donde personas en riesgo social sufren y necesitan de la asistencia espiritual y material.<\/p>\n<p>La Sociedad B\u00edblica Chilena dirige y coordina el trabajo de las Mensajeras y provee, principalmente, el material b\u00edblico que es el recurso principal para esta labor.<\/p>\n<p>Este programa tiene m\u00e1s de 40 a\u00f1os de existencia, con el servicio ininterrumpido a las comunidades presentando el evangelio de salvaci\u00f3n para todos.<\/p>\n<p>&nbsp;<\/p>\n<p>&nbsp;<\/p>\n<p>&nbsp;<\/p>\n<p>&nbsp;<\/p>\n","protected":false},"excerpt":{"rendered":"<p>Voluntariado &nbsp; Programa de Sociedad B\u00edblica Chilena dedicado a la Evangelizaci\u00f3n por medio del Servicio a la comunidad; las Mensajeras en Acci\u00f3n son un grupo de mujeres voluntarias, interdenominacional, que han sido llamadas por el Se\u00f1or a servir al pr\u00f3jimo. &hellip; <a class=\"kt-excerpt-readmore\" href=\"https:\/\/www.sbch.cl\/sitio\/programas\/programa-mensajeras-en-accion-con-la-palabra\/\" aria-label=\"Programa Mensajeras en Acci\u00f3n con la Palabra\">Read More<\/a><\/p>\n","protected":false},"author":2,"featured_media":0,"parent":16,"menu_order":0,"comment_status":"closed","ping_status":"closed","template":"","meta":{"jetpack_post_was_ever_published":false,"footnotes":""},"class_list":["post-15816","page","type-page","status-publish","hentry"],"jetpack_shortlink":"https:\/\/wp.me\/PInKk-476","jetpack_sharing_enabled":true,"_links":{"self":[{"href":"https:\/\/www.sbch.cl\/sitio\/wp-json\/wp\/v2\/pages\/15816","targetHints":{"allow":["GET"]}}],"collection":[{"href":"https:\/\/www.sbch.cl\/sitio\/wp-json\/wp\/v2\/pages"}],"about":[{"href":"https:\/\/www.sbch.cl\/sitio\/wp-json\/wp\/v2\/types\/page"}],"author":[{"embeddable":true,"href":"https:\/\/www.sbch.cl\/sitio\/wp-json\/wp\/v2\/users\/2"}],"replies":[{"embeddable":true,"href":"https:\/\/www.sbch.cl\/sitio\/wp-json\/wp\/v2\/comments?post=15816"}],"version-history":[{"count":1,"href":"https:\/\/www.sbch.cl\/sitio\/wp-json\/wp\/v2\/pages\/15816\/revisions"}],"predecessor-version":[{"id":15817,"href":"https:\/\/www.sbch.cl\/sitio\/wp-json\/wp\/v2\/pages\/15816\/revisions\/15817"}],"up":[{"embeddable":true,"href":"https:\/\/www.sbch.cl\/sitio\/wp-json\/wp\/v2\/pages\/16"}],"wp:attachment":[{"href":"https:\/\/www.sbch.cl\/sitio\/wp-json\/wp\/v2\/media?parent=15816"}],"curies":[{"name":"wp","href":"https:\/\/api.w.org\/{rel}","templated":true}]}}