{"id":1457,"date":"2010-12-07T10:59:05","date_gmt":"2010-12-07T13:59:05","guid":{"rendered":"http:\/\/www.sbch.cl\/sitio\/"},"modified":"2016-12-02T13:25:44","modified_gmt":"2016-12-02T16:25:44","slug":"presentacion-de-productos","status":"publish","type":"page","link":"https:\/\/www.sbch.cl\/sitio\/multimedia\/presentacion-de-productos\/","title":{"rendered":"Biblias especializadas"},"content":{"rendered":"<p><a href=\"https:\/\/i0.wp.com\/www.sbch.cl\/sitio\/wp-content\/archivos\/esquematizada-fina.jpg\"><img data-recalc-dims=\"1\" loading=\"lazy\" decoding=\"async\" class=\"alignleft wp-image-1426\" src=\"https:\/\/i0.wp.com\/www.sbch.cl\/sitio\/wp-content\/archivos\/esquematizada-fina-150x150.jpg?resize=90%2C114\" alt=\"esquematizada-fina\" width=\"90\" height=\"114\" srcset=\"https:\/\/i0.wp.com\/www.sbch.cl\/sitio\/wp-content\/archivos\/esquematizada-fina.jpg?resize=119%2C150&amp;ssl=1 119w, https:\/\/i0.wp.com\/www.sbch.cl\/sitio\/wp-content\/archivos\/esquematizada-fina.jpg?resize=237%2C300&amp;ssl=1 237w, https:\/\/i0.wp.com\/www.sbch.cl\/sitio\/wp-content\/archivos\/esquematizada-fina.jpg?w=709&amp;ssl=1 709w\" sizes=\"auto, (max-width: 90px) 100vw, 90px\" \/><\/a><\/p>\n<p><strong><a href=\"http:\/\/www.sbch.cl\/sitio\/wp-content\/productos\/Biblia-de-estudio-esquematizada-Reina-Valera-1960.pdf\">Descripci\u00f3n de la Biblia de Estudio Esquematizada Reina Valera 1960<\/a>\u00a0PDF\u00a0<\/strong><br \/>\n<a href=\"http:\/\/www.sbch.cl\/sitio\/wp-content\/productos\/biblia-esquematizada.PDF\">Ilustraci\u00f3n de la Biblia-esquematizada<\/a>\u00a0PDF<\/p>\n<p><a href=\"http:\/\/www.slideshare.net\/biblicachilena\/introduccion-a-la-biblia-de-estudio-esquematizada-baja\">Presentaci\u00f3n gr\u00e1fica <\/a>(11 l\u00e1minas)<\/p>\n<p>&nbsp;<\/p>\n<p><a href=\"https:\/\/i0.wp.com\/www.sbch.cl\/sitio\/wp-content\/archivos\/1049651.jpg\"><img data-recalc-dims=\"1\" loading=\"lazy\" decoding=\"async\" class=\"alignleft wp-image-9438\" src=\"https:\/\/i0.wp.com\/www.sbch.cl\/sitio\/wp-content\/archivos\/1049651-95x150.jpg?resize=90%2C143\" alt=\"104965\" width=\"90\" height=\"143\" srcset=\"https:\/\/i0.wp.com\/www.sbch.cl\/sitio\/wp-content\/archivos\/1049651.jpg?resize=95%2C150&amp;ssl=1 95w, https:\/\/i0.wp.com\/www.sbch.cl\/sitio\/wp-content\/archivos\/1049651.jpg?resize=189%2C300&amp;ssl=1 189w, https:\/\/i0.wp.com\/www.sbch.cl\/sitio\/wp-content\/archivos\/1049651.jpg?w=228&amp;ssl=1 228w\" sizes=\"auto, (max-width: 90px) 100vw, 90px\" \/><\/a><\/p>\n<p>&nbsp;<\/p>\n<p><strong><a href=\"http:\/\/www.sbch.cl\/sitio\/wp-content\/productos\/Biblia-H20.pdf\">Presentaci\u00f3n Biblia para J\u00f3venes H2O<\/a>\u00a0PDF<\/strong><\/p>\n<p>Incluye 274 p\u00e1ginas con ayudas, referencias y estudios biblicos para j\u00f3venes.\u00a0Traducci\u00f3n Lenguaje Actual<\/p>\n<p>&nbsp;<\/p>\n<p><a href=\"https:\/\/i0.wp.com\/www.sbch.cl\/sitio\/wp-content\/archivos\/1049661.jpg\"><img data-recalc-dims=\"1\" loading=\"lazy\" decoding=\"async\" class=\"size-thumbnail wp-image-9439 alignleft\" src=\"https:\/\/i0.wp.com\/www.sbch.cl\/sitio\/wp-content\/archivos\/1049661-89x150.jpg?resize=89%2C150\" alt=\"104966\" width=\"89\" height=\"150\" srcset=\"https:\/\/i0.wp.com\/www.sbch.cl\/sitio\/wp-content\/archivos\/1049661.jpg?resize=89%2C150&amp;ssl=1 89w, https:\/\/i0.wp.com\/www.sbch.cl\/sitio\/wp-content\/archivos\/1049661.jpg?resize=178%2C300&amp;ssl=1 178w, https:\/\/i0.wp.com\/www.sbch.cl\/sitio\/wp-content\/archivos\/1049661.jpg?w=300&amp;ssl=1 300w\" sizes=\"auto, (max-width: 89px) 100vw, 89px\" \/><\/a><\/p>\n<p><strong><a href=\"http:\/\/www.sbch.cl\/sitio\/wp-content\/productos\/biblia-isha.PDF\">Presentaci\u00f3n Biblia ISHA, la mujer seg\u00fan la Bbilia<\/a>\u00a0PDF <\/strong><\/p>\n<p>Con notas sobre mujeres, biograf\u00edas.\u00a0Traducci\u00f3n Lenguaje Actual<\/p>\n<p>&nbsp;<\/p>\n<p>&nbsp;<\/p>\n<p>&nbsp;<\/p>\n<p>&nbsp;<\/p>\n<p><strong><a href=\"https:\/\/i0.wp.com\/www.sbch.cl\/sitio\/wp-content\/archivos\/112026.jpg\"><img data-recalc-dims=\"1\" loading=\"lazy\" decoding=\"async\" class=\"size-thumbnail wp-image-9440 alignleft\" src=\"https:\/\/i0.wp.com\/www.sbch.cl\/sitio\/wp-content\/archivos\/112026-100x150.jpg?resize=100%2C150\" alt=\"112026\" width=\"100\" height=\"150\" srcset=\"https:\/\/i0.wp.com\/www.sbch.cl\/sitio\/wp-content\/archivos\/112026.jpg?resize=100%2C150&amp;ssl=1 100w, https:\/\/i0.wp.com\/www.sbch.cl\/sitio\/wp-content\/archivos\/112026.jpg?resize=200%2C300&amp;ssl=1 200w, https:\/\/i0.wp.com\/www.sbch.cl\/sitio\/wp-content\/archivos\/112026.jpg?w=300&amp;ssl=1 300w\" sizes=\"auto, (max-width: 100px) 100vw, 100px\" \/><\/a><a href=\"http:\/\/www.sbch.cl\/sitio\/wp-content\/productos\/biblia-mi-bebe.PDF\">Presentaci\u00f3n Biblia mi beb\u00e9<\/a><\/strong><\/p>\n<p>Incluye 50 ilustraciones pensadas para ni\u00f1os de 0-2 a\u00f1os,<\/p>\n<p>P\u00e1ginas para personalizar con informaci\u00f3n y fotos del beb\u00e9.<\/p>\n<p>&nbsp;<\/p>\n<p>&nbsp;<\/p>\n<p><a href=\"https:\/\/i0.wp.com\/www.sbch.cl\/sitio\/wp-content\/archivos\/104964.jpg\"><img data-recalc-dims=\"1\" loading=\"lazy\" decoding=\"async\" class=\"size-thumbnail wp-image-9441 alignleft\" src=\"https:\/\/i0.wp.com\/www.sbch.cl\/sitio\/wp-content\/archivos\/104964-108x150.jpg?resize=108%2C150\" alt=\"104964\" width=\"108\" height=\"150\" srcset=\"https:\/\/i0.wp.com\/www.sbch.cl\/sitio\/wp-content\/archivos\/104964.jpg?resize=108%2C150&amp;ssl=1 108w, https:\/\/i0.wp.com\/www.sbch.cl\/sitio\/wp-content\/archivos\/104964.jpg?resize=215%2C300&amp;ssl=1 215w, https:\/\/i0.wp.com\/www.sbch.cl\/sitio\/wp-content\/archivos\/104964.jpg?w=300&amp;ssl=1 300w\" sizes=\"auto, (max-width: 108px) 100vw, 108px\" \/><\/a><\/p>\n<p><strong><a href=\"http:\/\/www.sbch.cl\/sitio\/wp-content\/productos\/La-Biblia-de-mi-familia.pdf\">Presentaci\u00f3n Biblia de mi familia<\/a><\/strong><\/p>\n<p>Con art\u00edculos sobre la familia.\u00a0Incluye marco de foto en la portada Traducci\u00f3n Lenguaje Actual<\/p>\n<p>&nbsp;<\/p>\n<p>&nbsp;<\/p>\n<p>&nbsp;<\/p>\n<p>&nbsp;<\/p>\n<p><strong><a href=\"https:\/\/i0.wp.com\/www.sbch.cl\/sitio\/wp-content\/archivos\/1032241.jpg\"><img data-recalc-dims=\"1\" loading=\"lazy\" decoding=\"async\" class=\"size-thumbnail wp-image-9443 alignleft\" src=\"https:\/\/i0.wp.com\/www.sbch.cl\/sitio\/wp-content\/archivos\/1032241-110x150.jpg?resize=110%2C150\" alt=\"103224\" width=\"110\" height=\"150\" srcset=\"https:\/\/i0.wp.com\/www.sbch.cl\/sitio\/wp-content\/archivos\/1032241.jpg?resize=110%2C150&amp;ssl=1 110w, https:\/\/i0.wp.com\/www.sbch.cl\/sitio\/wp-content\/archivos\/1032241.jpg?resize=220%2C300&amp;ssl=1 220w, https:\/\/i0.wp.com\/www.sbch.cl\/sitio\/wp-content\/archivos\/1032241.jpg?w=300&amp;ssl=1 300w\" sizes=\"auto, (max-width: 110px) 100vw, 110px\" \/><\/a><a href=\"http:\/\/www.sbch.cl\/sitio\/wp-content\/productos\/biblia-amigos-por-siempre.pdf\">Presentaci\u00f3n Biblia Amigos por Siempre<\/a><\/strong><\/p>\n<p>Incluye 56 l\u00e1minas a color.\u00a0Reina Valera 1960 \u00a0y Traducci\u00f3n Lenguaje Actual<\/p>\n<p>&nbsp;<\/p>\n<p>&nbsp;<\/p>\n<p>&nbsp;<\/p>\n<p>&nbsp;<\/p>\n<p><strong><a href=\"http:\/\/www.sbch.cl\/sitio\/2012\/biblia-para-la-predicacion\/\">Biblia para la predicaci\u00f3n<\/a><\/strong><\/p>\n<p><a href=\"https:\/\/i0.wp.com\/www.sbch.cl\/sitio\/wp-content\/archivos\/b-predicacion-212x300.jpg\"><img data-recalc-dims=\"1\" loading=\"lazy\" decoding=\"async\" class=\"alignleft wp-image-9444\" src=\"https:\/\/i0.wp.com\/www.sbch.cl\/sitio\/wp-content\/archivos\/b-predicacion-212x300-106x150.jpg?resize=110%2C156\" alt=\"b-predicacion-212x300\" width=\"110\" height=\"156\" srcset=\"https:\/\/i0.wp.com\/www.sbch.cl\/sitio\/wp-content\/archivos\/b-predicacion-212x300.jpg?resize=106%2C150&amp;ssl=1 106w, https:\/\/i0.wp.com\/www.sbch.cl\/sitio\/wp-content\/archivos\/b-predicacion-212x300.jpg?resize=212%2C300&amp;ssl=1 212w\" sizes=\"auto, (max-width: 110px) 100vw, 110px\" \/><\/a>Bosquejos para la predicaci\u00f3n<\/p>\n<p>Reina Valera 1960<\/p>\n<p>&nbsp;<\/p>\n<p><a href=\"https:\/\/i0.wp.com\/www.sbch.cl\/sitio\/wp-content\/archivos\/1036091.jpg\"><img data-recalc-dims=\"1\" loading=\"lazy\" decoding=\"async\" class=\"size-thumbnail wp-image-9445 alignleft\" src=\"https:\/\/i0.wp.com\/www.sbch.cl\/sitio\/wp-content\/archivos\/1036091-101x150.jpg?resize=101%2C150\" alt=\"103609\" width=\"101\" height=\"150\" srcset=\"https:\/\/i0.wp.com\/www.sbch.cl\/sitio\/wp-content\/archivos\/1036091.jpg?resize=101%2C150&amp;ssl=1 101w, https:\/\/i0.wp.com\/www.sbch.cl\/sitio\/wp-content\/archivos\/1036091.jpg?resize=201%2C300&amp;ssl=1 201w, https:\/\/i0.wp.com\/www.sbch.cl\/sitio\/wp-content\/archivos\/1036091.jpg?w=375&amp;ssl=1 375w\" sizes=\"auto, (max-width: 101px) 100vw, 101px\" \/><\/a><strong><a href=\"http:\/\/www.sbch.cl\/sitio\/wp-content\/productos\/ART_HC_AGUA_VIVA.pdf\">Biblia Agua Viva para el Discipulo<\/a><\/strong><\/p>\n<p>Referencias, concordancia, mapas en blanco<br \/>\ny negro, ayudas.<\/p>\n<p>Reina Valera 1960<\/p>\n<p>&nbsp;<\/p>\n<p><a href=\"https:\/\/i0.wp.com\/www.sbch.cl\/sitio\/wp-content\/archivos\/103695.jpg\"><img data-recalc-dims=\"1\" loading=\"lazy\" decoding=\"async\" class=\"size-thumbnail wp-image-9446 alignleft\" src=\"https:\/\/i0.wp.com\/www.sbch.cl\/sitio\/wp-content\/archivos\/103695-104x150.jpg?resize=104%2C150\" alt=\"103695\" width=\"104\" height=\"150\" srcset=\"https:\/\/i0.wp.com\/www.sbch.cl\/sitio\/wp-content\/archivos\/103695.jpg?resize=104%2C150&amp;ssl=1 104w, https:\/\/i0.wp.com\/www.sbch.cl\/sitio\/wp-content\/archivos\/103695.jpg?w=202&amp;ssl=1 202w\" sizes=\"auto, (max-width: 104px) 100vw, 104px\" \/><\/a><\/p>\n<p><strong><a href=\"http:\/\/www.sbch.cl\/sitio\/wp-content\/productos\/ART_HC_BIBLIA_PASTORAL.pdf\">Biblia Pastoral<\/a><\/strong><\/p>\n<p>Reina Valera 1960<\/p>\n<p>100 p\u00e1ginas de ayuda para ceremonias, concordancia, ayudas, Letra grande tama\u00f1o 12 puntos.<\/p>\n<p>&nbsp;<\/p>\n<p>&nbsp;<\/p>\n<p>Biblia ecologica EcoBiblia<\/p>\n<p>&nbsp;<\/p>\n<p>&nbsp;<\/p>\n<p><img data-recalc-dims=\"1\" loading=\"lazy\" decoding=\"async\" class=\"wp-image-8015 alignleft\" src=\"https:\/\/i0.wp.com\/www.sbch.cl\/sitio\/wp-content\/archivos\/catalogo-logo-279x300.png?resize=158%2C170\" alt=\"catalogo-logo\" width=\"158\" height=\"170\" \/><\/p>\n<p>Cat\u00e1logo parcial de Biblias y libros de 100 hojas. Descargable<a href=\"http:\/\/www.slideshare.net\/biblicachilena\/catalogo-de-sociedades-biblicas-unidas\">Sociedades B\u00edblicas Unidas<\/a><\/p>\n<p>Visita nuestras <a href=\"http:\/\/www.sbch.cl\/sitio\/nosotros\/ventas\/\" target=\"_blank\">tiendas<\/a>M\u00e1s productos en <a href=\"http:\/\/www.sbch.cl\/ventas\" target=\"_blank\">Cat\u00e1logo virtual<\/a><\/p>\n","protected":false},"excerpt":{"rendered":"<p>Descripci\u00f3n de la Biblia de Estudio Esquematizada Reina Valera 1960\u00a0PDF\u00a0 Ilustraci\u00f3n de la Biblia-esquematizada\u00a0PDF Presentaci\u00f3n gr\u00e1fica (11 l\u00e1minas) &nbsp; &nbsp; Presentaci\u00f3n Biblia para J\u00f3venes H2O\u00a0PDF Incluye 274 p\u00e1ginas con ayudas, referencias y estudios biblicos para j\u00f3venes.\u00a0Traducci\u00f3n Lenguaje Actual &nbsp; Presentaci\u00f3n &hellip; <a class=\"kt-excerpt-readmore\" href=\"https:\/\/www.sbch.cl\/sitio\/multimedia\/presentacion-de-productos\/\" aria-label=\"Biblias especializadas\">Read More<\/a><\/p>\n","protected":false},"author":2,"featured_media":0,"parent":85,"menu_order":0,"comment_status":"open","ping_status":"open","template":"","meta":{"jetpack_post_was_ever_published":false,"footnotes":""},"class_list":["post-1457","page","type-page","status-publish","hentry"],"jetpack_shortlink":"https:\/\/wp.me\/PInKk-nv","jetpack_sharing_enabled":true,"_links":{"self":[{"href":"https:\/\/www.sbch.cl\/sitio\/wp-json\/wp\/v2\/pages\/1457","targetHints":{"allow":["GET"]}}],"collection":[{"href":"https:\/\/www.sbch.cl\/sitio\/wp-json\/wp\/v2\/pages"}],"about":[{"href":"https:\/\/www.sbch.cl\/sitio\/wp-json\/wp\/v2\/types\/page"}],"author":[{"embeddable":true,"href":"https:\/\/www.sbch.cl\/sitio\/wp-json\/wp\/v2\/users\/2"}],"replies":[{"embeddable":true,"href":"https:\/\/www.sbch.cl\/sitio\/wp-json\/wp\/v2\/comments?post=1457"}],"version-history":[{"count":0,"href":"https:\/\/www.sbch.cl\/sitio\/wp-json\/wp\/v2\/pages\/1457\/revisions"}],"up":[{"embeddable":true,"href":"https:\/\/www.sbch.cl\/sitio\/wp-json\/wp\/v2\/pages\/85"}],"wp:attachment":[{"href":"https:\/\/www.sbch.cl\/sitio\/wp-json\/wp\/v2\/media?parent=1457"}],"curies":[{"name":"wp","href":"https:\/\/api.w.org\/{rel}","templated":true}]}}