{"id":111,"date":"2009-11-06T15:04:15","date_gmt":"2009-11-06T20:04:15","guid":{"rendered":"http:\/\/www.sbch.cl\/sitio\/?page_id=111"},"modified":"2013-06-10T10:19:49","modified_gmt":"2013-06-10T14:19:49","slug":"que-hacemos","status":"publish","type":"page","link":"https:\/\/www.sbch.cl\/sitio\/que-hacemos\/","title":{"rendered":"Que hacemos"},"content":{"rendered":"<p>Sociedad B\u00edblica Chilena es una organizaci\u00f3n <strong>sin fines de lucro<\/strong>, al servicio de todas las confesiones cristianas. Nuestra misi\u00f3n es poner la Palabra de Dios <strong>al alcance de toda persona<\/strong>. Programas de traducci\u00f3n, producci\u00f3n y distribuci\u00f3n, hacen realidad este prop\u00f3sito.<\/p>\n<ul>\n<li><strong>Traducci\u00f3n. <\/strong>En la actualidad las Sagradas Escrituras han sido <strong>traducidas a m\u00e1s de 2000 idiomas<\/strong> y dialectos. Si consideramos que<strong> existen en el mundo cerca de 5000 lenguas<\/strong>, queda todav\u00eda un gran desaf\u00edo por cumplirse en el campo de traducci\u00f3n b\u00edblica.<\/li>\n<li><strong>Producci\u00f3n. <\/strong> Producimos Biblias en distintos formatos incluyendo escrituras en Braille (para no videntes) y en \u00a0audio para ancianos y personas analfabetas.<\/li>\n<li><strong>Distribuci\u00f3n. <\/strong>Para cumplir esto tenemos\u00a0 salas de venta, promotores, colportores, iglesias, librer\u00edas, eventos especiales, voluntarios, entre otros.<\/li>\n<\/ul>\n<p><strong>Compromiso<\/strong><\/p>\n<p>El objetivo fundamental de la Sociedad B\u00edblica Chilena es <strong>compartir la Biblia<\/strong> y su mensaje a fin de que las <strong>comunidades<\/strong> evangelizadas sean transformadas por el poder del evangelio<\/p>\n<p>En un pa\u00eds marcado por crisis y contradicciones sociales, religiosas, econ\u00f3micas y pol\u00edticas, afirmamos la importancia y la<strong> prioridad del mensaje de esperanza<\/strong> que se presenta en la Biblia.<\/p>\n<p>En un pa\u00eds donde la infancia y la juventud juegan un papel fundamental en el desarrollo de programas educativos, nuestra prioridad es producir m\u00e1s Escrituras e<strong>n formatos y niveles ling\u00fc\u00edsticos<\/strong> que puedan ser comprensibles para ellos.<br \/>\n<iframe loading=\"lazy\" src=\"http:\/\/www.youtube.com\/embed\/frwVYH61lSs\" height=\"315\" width=\"560\" allowfullscreen=\"\" frameborder=\"0\"><\/iframe><\/p>\n","protected":false},"excerpt":{"rendered":"<p>Sociedad B\u00edblica Chilena es una organizaci\u00f3n sin fines de lucro, al servicio de todas las confesiones cristianas. Nuestra misi\u00f3n es poner la Palabra de Dios al alcance de toda persona. Programas de traducci\u00f3n, producci\u00f3n y distribuci\u00f3n, hacen realidad este prop\u00f3sito. &hellip; <a class=\"kt-excerpt-readmore\" href=\"https:\/\/www.sbch.cl\/sitio\/que-hacemos\/\" aria-label=\"Que hacemos\">Read More<\/a><\/p>\n","protected":false},"author":2,"featured_media":0,"parent":0,"menu_order":2,"comment_status":"closed","ping_status":"open","template":"","meta":{"jetpack_post_was_ever_published":false,"footnotes":""},"class_list":["post-111","page","type-page","status-publish","hentry"],"jetpack_shortlink":"https:\/\/wp.me\/PInKk-1N","jetpack_sharing_enabled":true,"_links":{"self":[{"href":"https:\/\/www.sbch.cl\/sitio\/wp-json\/wp\/v2\/pages\/111","targetHints":{"allow":["GET"]}}],"collection":[{"href":"https:\/\/www.sbch.cl\/sitio\/wp-json\/wp\/v2\/pages"}],"about":[{"href":"https:\/\/www.sbch.cl\/sitio\/wp-json\/wp\/v2\/types\/page"}],"author":[{"embeddable":true,"href":"https:\/\/www.sbch.cl\/sitio\/wp-json\/wp\/v2\/users\/2"}],"replies":[{"embeddable":true,"href":"https:\/\/www.sbch.cl\/sitio\/wp-json\/wp\/v2\/comments?post=111"}],"version-history":[{"count":0,"href":"https:\/\/www.sbch.cl\/sitio\/wp-json\/wp\/v2\/pages\/111\/revisions"}],"wp:attachment":[{"href":"https:\/\/www.sbch.cl\/sitio\/wp-json\/wp\/v2\/media?parent=111"}],"curies":[{"name":"wp","href":"https:\/\/api.w.org\/{rel}","templated":true}]}}