{"id":10655,"date":"2016-12-02T12:57:19","date_gmt":"2016-12-02T15:57:19","guid":{"rendered":"http:\/\/www.sbch.cl\/sitio\/?page_id=10655"},"modified":"2016-12-02T14:11:13","modified_gmt":"2016-12-02T17:11:13","slug":"videos-la-mision-biblica-mundo","status":"publish","type":"page","link":"https:\/\/www.sbch.cl\/sitio\/videos-la-mision-biblica-mundo\/","title":{"rendered":"Videos la misi\u00f3n b\u00edblica en el mundo"},"content":{"rendered":"<p style=\"text-align: center;\">Lanzamiento de la Biblia en shilluk, Sudan del Sur. \u00c1frica<br \/>\n<iframe loading=\"lazy\" src=\"https:\/\/www.youtube.com\/embed\/lJaVks0z4sU?rel=0\" width=\"560\" height=\"315\" frameborder=\"0\" allowfullscreen=\"allowfullscreen\"><\/iframe><\/p>\n<p style=\"text-align: center;\"><strong>Lanzamiento de la Biblia en Malawi,\u00a0<\/strong><b>\u00c1frica<\/b><\/p>\n<p style=\"text-align: center;\"><span class=\"embed-youtube\" style=\"text-align:center; display: block;\"><iframe loading=\"lazy\" class=\"youtube-player\" width=\"1140\" height=\"642\" src=\"https:\/\/www.youtube.com\/embed\/SVezPv_TaGY?version=3&#038;rel=1&#038;showsearch=0&#038;showinfo=1&#038;iv_load_policy=1&#038;fs=1&#038;hl=es-ES&#038;autohide=2&#038;wmode=transparent\" allowfullscreen=\"true\" style=\"border:0;\" sandbox=\"allow-scripts allow-same-origin allow-popups allow-presentation allow-popups-to-escape-sandbox\"><\/iframe><\/span><\/p>\n<p style=\"text-align: center;\"><strong>Producci\u00f3n de la Biblia en imprenta en China<\/strong><br \/>\n<iframe loading=\"lazy\" src=\"https:\/\/www.youtube.com\/embed\/GIjoKTEENrk?rel=0\" width=\"560\" height=\"315\" frameborder=\"0\" allowfullscreen=\"allowfullscreen\"><\/iframe><\/p>\n<p style=\"text-align: center;\"><strong>Traducci\u00f3n del Nuevo Testamento Kimyal en Indonesia, Asia<\/strong><\/p>\n<p style=\"text-align: center;\"><span class=\"embed-youtube\" style=\"text-align:center; display: block;\"><iframe loading=\"lazy\" class=\"youtube-player\" width=\"1140\" height=\"642\" src=\"https:\/\/www.youtube.com\/embed\/DdWHcCkLLW4?version=3&#038;rel=1&#038;showsearch=0&#038;showinfo=1&#038;iv_load_policy=1&#038;fs=1&#038;hl=es-ES&#038;autohide=2&#038;wmode=transparent\" allowfullscreen=\"true\" style=\"border:0;\" sandbox=\"allow-scripts allow-same-origin allow-popups allow-presentation allow-popups-to-escape-sandbox\"><\/iframe><\/span><\/p>\n<p style=\"text-align: center;\"><strong>Lanzamiento de la Biblia Quechua Ca\u00f1ar, Ecuador, Am\u00e9rica del Sur<\/strong><\/p>\n<p style=\"text-align: center;\"><span class=\"embed-youtube\" style=\"text-align:center; display: block;\"><iframe loading=\"lazy\" class=\"youtube-player\" width=\"1140\" height=\"642\" src=\"https:\/\/www.youtube.com\/embed\/0iONHLWAvXQ?version=3&#038;rel=1&#038;showsearch=0&#038;showinfo=1&#038;iv_load_policy=1&#038;fs=1&#038;hl=es-ES&#038;autohide=2&#038;wmode=transparent\" allowfullscreen=\"true\" style=\"border:0;\" sandbox=\"allow-scripts allow-same-origin allow-popups allow-presentation allow-popups-to-escape-sandbox\"><\/iframe><\/span><\/p>\n<p style=\"text-align: center;\"><strong>La Biblia para todos<\/strong><br \/>\n<iframe loading=\"lazy\" src=\"https:\/\/www.youtube.com\/embed\/WX5gqfMwh38?rel=0\" width=\"560\" height=\"315\" frameborder=\"0\" allowfullscreen=\"allowfullscreen\"><\/iframe><\/p>\n","protected":false},"excerpt":{"rendered":"<p>Lanzamiento de la Biblia en shilluk, Sudan del Sur. \u00c1frica Lanzamiento de la Biblia en Malawi,\u00a0\u00c1frica Producci\u00f3n de la Biblia en imprenta en China Traducci\u00f3n del Nuevo Testamento Kimyal en Indonesia, Asia Lanzamiento de la Biblia Quechua Ca\u00f1ar, Ecuador, Am\u00e9rica &hellip; <a class=\"kt-excerpt-readmore\" href=\"https:\/\/www.sbch.cl\/sitio\/videos-la-mision-biblica-mundo\/\" aria-label=\"Videos la misi\u00f3n b\u00edblica en el mundo\">Read More<\/a><\/p>\n","protected":false},"author":2,"featured_media":0,"parent":0,"menu_order":0,"comment_status":"closed","ping_status":"closed","template":"","meta":{"jetpack_post_was_ever_published":false,"footnotes":""},"class_list":["post-10655","page","type-page","status-publish","hentry"],"jetpack_shortlink":"https:\/\/wp.me\/PInKk-2LR","jetpack_sharing_enabled":true,"_links":{"self":[{"href":"https:\/\/www.sbch.cl\/sitio\/wp-json\/wp\/v2\/pages\/10655","targetHints":{"allow":["GET"]}}],"collection":[{"href":"https:\/\/www.sbch.cl\/sitio\/wp-json\/wp\/v2\/pages"}],"about":[{"href":"https:\/\/www.sbch.cl\/sitio\/wp-json\/wp\/v2\/types\/page"}],"author":[{"embeddable":true,"href":"https:\/\/www.sbch.cl\/sitio\/wp-json\/wp\/v2\/users\/2"}],"replies":[{"embeddable":true,"href":"https:\/\/www.sbch.cl\/sitio\/wp-json\/wp\/v2\/comments?post=10655"}],"version-history":[{"count":0,"href":"https:\/\/www.sbch.cl\/sitio\/wp-json\/wp\/v2\/pages\/10655\/revisions"}],"wp:attachment":[{"href":"https:\/\/www.sbch.cl\/sitio\/wp-json\/wp\/v2\/media?parent=10655"}],"curies":[{"name":"wp","href":"https:\/\/api.w.org\/{rel}","templated":true}]}}