{"id":10021,"date":"2016-03-31T14:33:18","date_gmt":"2016-03-31T17:33:18","guid":{"rendered":"http:\/\/www.sbch.cl\/sitio\/?page_id=10021"},"modified":"2020-08-05T22:02:47","modified_gmt":"2020-08-06T02:02:47","slug":"catalogo-de-biblias","status":"publish","type":"page","link":"https:\/\/www.sbch.cl\/sitio\/catalogo-de-biblias\/","title":{"rendered":"Catalogo de Biblias"},"content":{"rendered":"<p>Dejamos a su disposici\u00f3n el Cat\u00e1logo de Sociedad B\u00edblica Chilena 2018. Incluye nuevos productos. Variedad de\u00a0Biblias: Reina Valera 1960, Reina Valera 1909, Reina Valera Contempor\u00e1nea, Traducci\u00f3n Lenguaje Actual y Dios Habla Hoy. Libros para ni\u00f1os, acad\u00e9micos y de autores nacionales.<\/p>\n<p>Si visitas nuestra <a href=\"https:\/\/www.sbch.cl\/ventas\/\">tienda virtual<\/a> y usas el cup\u00f3n sbch2020 antes de finalizar la compra tendr\u00e1s un 10% sobre los productos que no tiene ya un descuento aplicado<\/p>\n<p>&nbsp;<\/p>\n<div class=\"entry-content-asset videofit\"><iframe loading=\"lazy\" title=\"Catalogo de biblias y libros SBCH\" src=\"https:\/\/www.slideshare.net\/slideshow\/embed_code\/key\/fMM66GqQNzeRVJ\" width=\"427\" height=\"356\" frameborder=\"0\" marginwidth=\"0\" marginheight=\"0\" scrolling=\"no\" style=\"border:1px solid #CCC; border-width:1px; margin-bottom:5px; max-width: 100%;\" allowfullscreen> <\/iframe> <\/p>\n<div style=\"margin-bottom:5px\"> <strong> <a href=\"https:\/\/www.slideshare.net\/biblicachilena\/catalogo-de-biblias-y-libros-sbch\" title=\"Catalogo de biblias y libros SBCH\" target=\"_blank\">Catalogo de biblias y libros SBCH<\/a> <\/strong> from <strong><a href=\"https:\/\/www.slideshare.net\/biblicachilena\" target=\"_blank\">Sociedad B\u00edblica Chilena<\/a><\/strong> <\/div>\n<\/div>\n<h3><\/h3>\n<p>&nbsp;<\/p>\n","protected":false},"excerpt":{"rendered":"<p>Dejamos a su disposici\u00f3n el Cat\u00e1logo de Sociedad B\u00edblica Chilena 2018. Incluye nuevos productos. Variedad de\u00a0Biblias: Reina Valera 1960, Reina Valera 1909, Reina Valera Contempor\u00e1nea, Traducci\u00f3n Lenguaje Actual y Dios Habla Hoy. Libros para ni\u00f1os, acad\u00e9micos y de autores nacionales. &hellip; <a class=\"kt-excerpt-readmore\" href=\"https:\/\/www.sbch.cl\/sitio\/catalogo-de-biblias\/\" aria-label=\"Catalogo de Biblias\">Read More<\/a><\/p>\n","protected":false},"author":2,"featured_media":0,"parent":0,"menu_order":0,"comment_status":"closed","ping_status":"closed","template":"","meta":{"jetpack_post_was_ever_published":false,"footnotes":""},"class_list":["post-10021","page","type-page","status-publish","hentry"],"jetpack_shortlink":"https:\/\/wp.me\/PInKk-2BD","jetpack_sharing_enabled":true,"_links":{"self":[{"href":"https:\/\/www.sbch.cl\/sitio\/wp-json\/wp\/v2\/pages\/10021","targetHints":{"allow":["GET"]}}],"collection":[{"href":"https:\/\/www.sbch.cl\/sitio\/wp-json\/wp\/v2\/pages"}],"about":[{"href":"https:\/\/www.sbch.cl\/sitio\/wp-json\/wp\/v2\/types\/page"}],"author":[{"embeddable":true,"href":"https:\/\/www.sbch.cl\/sitio\/wp-json\/wp\/v2\/users\/2"}],"replies":[{"embeddable":true,"href":"https:\/\/www.sbch.cl\/sitio\/wp-json\/wp\/v2\/comments?post=10021"}],"version-history":[{"count":2,"href":"https:\/\/www.sbch.cl\/sitio\/wp-json\/wp\/v2\/pages\/10021\/revisions"}],"predecessor-version":[{"id":13579,"href":"https:\/\/www.sbch.cl\/sitio\/wp-json\/wp\/v2\/pages\/10021\/revisions\/13579"}],"wp:attachment":[{"href":"https:\/\/www.sbch.cl\/sitio\/wp-json\/wp\/v2\/media?parent=10021"}],"curies":[{"name":"wp","href":"https:\/\/api.w.org\/{rel}","templated":true}]}}