{"id":10,"date":"2009-10-16T10:45:17","date_gmt":"2009-10-16T15:45:17","guid":{"rendered":"http:\/\/www.sbch.cl\/sitio\/?page_id=10"},"modified":"2025-06-11T22:57:10","modified_gmt":"2025-06-12T02:57:10","slug":"quienes-somos","status":"publish","type":"page","link":"https:\/\/www.sbch.cl\/sitio\/nosotros\/quienes-somos\/","title":{"rendered":"Quienes somos"},"content":{"rendered":"<p><strong>AL SERVICIO DE LA IGLESIA LOCAL <\/strong><\/p>\n<p>Somos una entidad misionera con presencia en el pa\u00eds por m\u00e1s de 200 a\u00f1os, dedicada a poner la Palabra de Dios al alcance de toda persona, en un lenguaje entendible y a un precio accesible.\u00a0 Sociedad B\u00edblica chilena fue fundada por las iglesias para servir a las iglesias en su misi\u00f3n evangelizadora a trav\u00e9s de:<\/p>\n<ul>\n<li>Escrituras con traducciones contempor\u00e1neas<\/li>\n<li>Escrituras en lenguas originarias (mapudungun \u2013 rapanui \u2013 roman\u00e9)<\/li>\n<li>Escrituras en audio y video<\/li>\n<li>Escrituras en braile<\/li>\n<li>Biblias de estudio<\/li>\n<li>Escrituras en medios electr\u00f3nicos e internet (yourversion)<\/li>\n<li>Escrituras en Lengua de Se\u00f1as<\/li>\n<\/ul>\n<p><strong><em>\u201cQueremos que cada persona, en cualquier lugar del pa\u00eds pueda conocer a Jesucristo a trav\u00e9s de Las Escrituras Sagradas, en el idioma o lengua que entienda y de manera accesible\u201d<\/em><\/strong><\/p>\n<p>Adem\u00e1s de la distribuci\u00f3n de las escrituras, Sociedad B\u00edblica Chilena trabaja con varios programas y proyectos que han estado y est\u00e1n a disposici\u00f3n de la iglesia local:<\/p>\n<ul>\n<li>Mensajeras en acci\u00f3n con la palabra<\/li>\n<li>Traducci\u00f3n de la Biblia a la Lengua de Se\u00f1as<\/li>\n<li>Sanando heridas del \u201ccoraz\u00f3n\u201d Trauma Healing<\/li>\n<li>Distribuci\u00f3n gratuita de textos acad\u00e9micos para institutos y seminarios B\u00edblicos<\/li>\n<li>Programas de apoyo y distribuci\u00f3n de Biblia en iglesias<\/li>\n<li>Proyectos de distribuci\u00f3n de Biblias a colegios<\/li>\n<\/ul>\n<p><strong>Sociedades B\u00edblicas Unidas<\/strong><\/p>\n<p>En un mundo velozmente cambiante, la labor de Sociedad B\u00edblica es fundamental para alcanzar las nuevas generaciones, es por ello que formamos parte de la fraternidad de Sociedades B\u00edblicas Unidas, fraternidad mundial compuesta por 156 pa\u00edses, con alcance a m\u00e1s de 200 pa\u00edses.<\/p>\n<p>Juntas son las mayores traductoras, publicadoras, productoras y distribuidoras de la Biblia en el mundo. Las Sociedades B\u00edblicas trabajan con todas las iglesias cristianas y muchas organizaciones internacionales no gubernamentales.<\/p>\n<p><strong>Equipo de trabajo<\/strong><\/p>\n<p>Director Ejecutivo:\u00a0 \u00a0 \u00a0 \u00a0 \u00a0 \u00a0\u00a0\u00a0\u00a0\u00a0\u00a0\u00a0\u00a0\u00a0\u00a0\u00a0\u00a0\u00a0 Francisco Viguera<br \/>\nProducci\u00f3n y Dise\u00f1o:\u00a0 \u00a0 \u00a0 \u00a0 \u00a0\u00a0\u00a0\u00a0\u00a0\u00a0\u00a0\u00a0\u00a0\u00a0 Eduardo Carrillo<br \/>\nAdquisiciones:\u00a0 \u00a0 \u00a0 \u00a0 \u00a0 \u00a0 \u00a0 \u00a0 \u00a0 \u00a0 \u00a0 \u00a0\u00a0\u00a0\u00a0\u00a0\u00a0\u00a0\u00a0 Marcelo Mill\u00e1n<br \/>\nPromotores:\u00a0 \u00a0 \u00a0 \u00a0 \u00a0 \u00a0 \u00a0 \u00a0 \u00a0 \u00a0 \u00a0 \u00a0 \u00a0\u00a0\u00a0\u00a0\u00a0\u00a0\u00a0\u00a0\u00a0 Leonel Aguayo<br \/>\nComunicaciones:\u00a0 \u00a0 \u00a0 \u00a0 \u00a0 \u00a0 \u00a0 \u00a0 \u00a0\u00a0\u00a0\u00a0\u00a0\u00a0\u00a0\u00a0\u00a0 Javier Garc\u00eda<br \/>\nDesarrollo Institucional:\u00a0 \u00a0 \u00a0 \u00a0\u00a0\u00a0\u00a0\u00a0\u00a0\u00a0 Rodolfo Araya<br \/>\nRecaudaci\u00f3n de Fondos : \u00a0\u00a0\u00a0\u00a0\u00a0\u00a0\u00a0\u00a0\u00a0\u00a0 Paula Espinoza<\/p>\n<p>Serrano 24, Santiago Centro, Chile<\/p>\n<p>&nbsp;<\/p>\n","protected":false},"excerpt":{"rendered":"<p>AL SERVICIO DE LA IGLESIA LOCAL Somos una entidad misionera con presencia en el pa\u00eds por m\u00e1s de 200 a\u00f1os, dedicada a poner la Palabra de Dios al alcance de toda persona, en un lenguaje entendible y a un precio &hellip; <a class=\"kt-excerpt-readmore\" href=\"https:\/\/www.sbch.cl\/sitio\/nosotros\/quienes-somos\/\" aria-label=\"Quienes somos\">Read More<\/a><\/p>\n","protected":false},"author":2,"featured_media":0,"parent":42,"menu_order":7,"comment_status":"closed","ping_status":"closed","template":"","meta":{"jetpack_post_was_ever_published":false,"footnotes":""},"class_list":["post-10","page","type-page","status-publish","hentry"],"jetpack_shortlink":"https:\/\/wp.me\/PInKk-a","jetpack_sharing_enabled":true,"_links":{"self":[{"href":"https:\/\/www.sbch.cl\/sitio\/wp-json\/wp\/v2\/pages\/10","targetHints":{"allow":["GET"]}}],"collection":[{"href":"https:\/\/www.sbch.cl\/sitio\/wp-json\/wp\/v2\/pages"}],"about":[{"href":"https:\/\/www.sbch.cl\/sitio\/wp-json\/wp\/v2\/types\/page"}],"author":[{"embeddable":true,"href":"https:\/\/www.sbch.cl\/sitio\/wp-json\/wp\/v2\/users\/2"}],"replies":[{"embeddable":true,"href":"https:\/\/www.sbch.cl\/sitio\/wp-json\/wp\/v2\/comments?post=10"}],"version-history":[{"count":3,"href":"https:\/\/www.sbch.cl\/sitio\/wp-json\/wp\/v2\/pages\/10\/revisions"}],"predecessor-version":[{"id":15894,"href":"https:\/\/www.sbch.cl\/sitio\/wp-json\/wp\/v2\/pages\/10\/revisions\/15894"}],"up":[{"embeddable":true,"href":"https:\/\/www.sbch.cl\/sitio\/wp-json\/wp\/v2\/pages\/42"}],"wp:attachment":[{"href":"https:\/\/www.sbch.cl\/sitio\/wp-json\/wp\/v2\/media?parent=10"}],"curies":[{"name":"wp","href":"https:\/\/api.w.org\/{rel}","templated":true}]}}